{"id":1613,"date":"2023-01-22T09:53:46","date_gmt":"2023-01-22T12:53:46","guid":{"rendered":"https:\/\/www.duartecosta.adv.br\/novosite\/?page_id=1613"},"modified":"2023-01-22T09:57:04","modified_gmt":"2023-01-22T12:57:04","slug":"artigos","status":"publish","type":"page","link":"https:\/\/www.duartecosta.adv.br\/index.php\/artigos\/","title":{"rendered":"Artigos"},"content":{"rendered":"<section class=\"wpb-content-wrapper\"><p>[vc_row][vc_column][vc_empty_space]<style type=\"text\/css\" data-type=\"the7_shortcodes-inline-css\">.blog-shortcode.blog-masonry-shortcode-id-eb50a04b86de74da123fa5ff936c8f86.dividers-on.classic-layout-list article {\n  padding-top: 0;\n}\n.blog-shortcode.blog-masonry-shortcode-id-eb50a04b86de74da123fa5ff936c8f86.dividers-on.classic-layout-list article:first-of-type {\n  margin-top: 0;\n  padding-top: 0;\n}\n.blog-shortcode.blog-masonry-shortcode-id-eb50a04b86de74da123fa5ff936c8f86.classic-layout-list.mode-list .post-entry-content {\n  width: calc(100% - );\n}\n.blog-shortcode.blog-masonry-shortcode-id-eb50a04b86de74da123fa5ff936c8f86.classic-layout-list.mode-list .no-img .post-entry-content {\n  width: 100%;\n}\n.blog-shortcode.blog-masonry-shortcode-id-eb50a04b86de74da123fa5ff936c8f86 .filter-bg-decoration .filter-categories a.act {\n  color: #fff;\n}\n.blog-shortcode.blog-masonry-shortcode-id-eb50a04b86de74da123fa5ff936c8f86:not(.mode-masonry) article:first-of-type,\n.blog-shortcode.blog-masonry-shortcode-id-eb50a04b86de74da123fa5ff936c8f86:not(.mode-masonry) article.visible.first:not(.product) {\n  margin-top: 0;\n}\n.blog-shortcode.blog-masonry-shortcode-id-eb50a04b86de74da123fa5ff936c8f86.dividers-on:not(.mode-masonry) article {\n  margin-top: 0;\n}\n.blog-shortcode.blog-masonry-shortcode-id-eb50a04b86de74da123fa5ff936c8f86.dividers-on:not(.mode-masonry) article:first-of-type,\n.blog-shortcode.blog-masonry-shortcode-id-eb50a04b86de74da123fa5ff936c8f86.dividers-on:not(.mode-masonry) article.visible.first:not(.product) {\n  margin-top: 0;\n  padding-top: 0;\n}\n.blog-shortcode.blog-masonry-shortcode-id-eb50a04b86de74da123fa5ff936c8f86 .post-thumbnail-wrap {\n  padding: 0px 0px 0px 0px;\n}\n.blog-shortcode.blog-masonry-shortcode-id-eb50a04b86de74da123fa5ff936c8f86.enable-bg-rollover .post-thumbnail-rollover:after {\n  background: rgba(0,0,0,0.51);\n  box-shadow: none;\n  background: -webkit-linear-gradient();\n  background: linear-gradient();\n}\n.blog-shortcode.blog-masonry-shortcode-id-eb50a04b86de74da123fa5ff936c8f86 .gallery-zoom-ico {\n  width: 44px;\n  height: 44px;\n  line-height: 44px;\n  border-radius: 100px;\n  margin: -22px 0 0 -22px;\n  border-width: 0px;\n  color: #ffffff;\n}\n.bottom-overlap-layout-list.blog-shortcode.blog-masonry-shortcode-id-eb50a04b86de74da123fa5ff936c8f86 .gallery-zoom-ico {\n  margin-top: -72px;\n}\n.gradient-overlay-layout-list.blog-shortcode.blog-masonry-shortcode-id-eb50a04b86de74da123fa5ff936c8f86 .gallery-zoom-ico,\n.content-rollover-layout-list.blog-shortcode.blog-masonry-shortcode-id-eb50a04b86de74da123fa5ff936c8f86 .gallery-zoom-ico {\n  margin: 0 0 10px;\n}\n.content-align-center.gradient-overlay-layout-list.blog-shortcode.blog-masonry-shortcode-id-eb50a04b86de74da123fa5ff936c8f86 .gallery-zoom-ico,\n.content-align-center.content-rollover-layout-list.blog-shortcode.blog-masonry-shortcode-id-eb50a04b86de74da123fa5ff936c8f86 .gallery-zoom-ico {\n  margin: 0 auto 10px;\n}\n.dt-icon-bg-on.blog-shortcode.blog-masonry-shortcode-id-eb50a04b86de74da123fa5ff936c8f86 .gallery-zoom-ico {\n  background: rgba(255,255,255,0.3);\n  box-shadow: none;\n}\n.blog-shortcode.blog-masonry-shortcode-id-eb50a04b86de74da123fa5ff936c8f86 .gallery-zoom-ico > span,\n.blog-shortcode.blog-masonry-shortcode-id-eb50a04b86de74da123fa5ff936c8f86 .gallery-zoom-ico:before {\n  font-size: 32px;\n  line-height: 44px;\n}\n.blog-shortcode.blog-masonry-shortcode-id-eb50a04b86de74da123fa5ff936c8f86 .gallery-zoom-ico > span,\n.blog-shortcode.blog-masonry-shortcode-id-eb50a04b86de74da123fa5ff936c8f86 .gallery-zoom-ico:before {\n  color: #ffffff;\n}\n.blog-shortcode.blog-masonry-shortcode-id-eb50a04b86de74da123fa5ff936c8f86 .entry-title,\n.blog-shortcode.blog-masonry-shortcode-id-eb50a04b86de74da123fa5ff936c8f86.owl-carousel .entry-title {\n  margin-bottom: 5px;\n  font-size: 20px;\n  line-height: 25px;\n}\n.blog-shortcode.blog-masonry-shortcode-id-eb50a04b86de74da123fa5ff936c8f86 .entry-meta {\n  margin-bottom: 15px;\n}\n.blog-shortcode.blog-masonry-shortcode-id-eb50a04b86de74da123fa5ff936c8f86 .portfolio-categories {\n  margin-bottom: 15px;\n}\n.blog-shortcode.blog-masonry-shortcode-id-eb50a04b86de74da123fa5ff936c8f86 .entry-excerpt {\n  margin-bottom: 5px;\n}\n.blog-shortcode.blog-masonry-shortcode-id-eb50a04b86de74da123fa5ff936c8f86:not(.centered-layout-list) .post-entry-content {\n  padding: 25px 30px 30px 30px;\n}\n.blog-shortcode.blog-masonry-shortcode-id-eb50a04b86de74da123fa5ff936c8f86:not(.centered-layout-list):not(.content-bg-on):not(.mode-list) .no-img .post-entry-content {\n  padding: 0;\n}\n@media screen and (max-width: ) {\n  .blog-shortcode.blog-masonry-shortcode-id-eb50a04b86de74da123fa5ff936c8f86 article {\n    -ms-flex-flow: column nowrap;\n    flex-flow: column nowrap;\n    margin-top: 20px;\n  }\n  .blog-shortcode.blog-masonry-shortcode-id-eb50a04b86de74da123fa5ff936c8f86.dividers-on article {\n    border: none;\n  }\n  .blog-shortcode.blog-masonry-shortcode-id-eb50a04b86de74da123fa5ff936c8f86.content-bg-on.centered-layout-list article {\n    padding: 0;\n  }\n  .blog-shortcode.blog-masonry-shortcode-id-eb50a04b86de74da123fa5ff936c8f86.blog-shortcode.dividers-on article,\n  .blog-shortcode.blog-masonry-shortcode-id-eb50a04b86de74da123fa5ff936c8f86.dividers-on.classic-layout-list article {\n    margin-top: 20px;\n    padding: 0;\n  }\n  .blog-shortcode.blog-masonry-shortcode-id-eb50a04b86de74da123fa5ff936c8f86.blog-shortcode.dividers-on article:first-of-type,\n  .blog-shortcode.blog-masonry-shortcode-id-eb50a04b86de74da123fa5ff936c8f86.dividers-on.classic-layout-list article:first-of-type {\n    padding: 0;\n  }\n  #page .blog-shortcode.blog-masonry-shortcode-id-eb50a04b86de74da123fa5ff936c8f86 .post-thumbnail-wrap,\n  #page .blog-shortcode.blog-masonry-shortcode-id-eb50a04b86de74da123fa5ff936c8f86 .post-entry-content {\n    width: 100%;\n    margin: 0;\n    top: 0;\n  }\n  #page .blog-shortcode.blog-masonry-shortcode-id-eb50a04b86de74da123fa5ff936c8f86 .post-thumbnail-wrap {\n    padding: 0;\n  }\n  #page .blog-shortcode.blog-masonry-shortcode-id-eb50a04b86de74da123fa5ff936c8f86 .post-entry-content:after {\n    display: none;\n  }\n  #page .blog-shortcode.blog-masonry-shortcode-id-eb50a04b86de74da123fa5ff936c8f86 .project-even .post-thumbnail-wrap,\n  #page .blog-shortcode.blog-masonry-shortcode-id-eb50a04b86de74da123fa5ff936c8f86.centered-layout-list .post-thumbnail-wrap {\n    -ms-flex-order: 0;\n    order: 0;\n  }\n  #page .blog-shortcode.blog-masonry-shortcode-id-eb50a04b86de74da123fa5ff936c8f86.centered-layout-list .post-entry-title-content {\n    -ms-flex-order: 1;\n    order: 1;\n    width: 100%;\n    padding: 20px 20px 0;\n  }\n  #page .blog-shortcode.blog-masonry-shortcode-id-eb50a04b86de74da123fa5ff936c8f86.centered-layout-list .post-entry-content {\n    -ms-flex-order: 2;\n    order: 2;\n    padding-top: 0;\n  }\n  #page .blog-shortcode.blog-masonry-shortcode-id-eb50a04b86de74da123fa5ff936c8f86 .fancy-categories {\n    top: 10px;\n    left: 10px;\n    bottom: auto;\n    right: auto;\n  }\n  #page .blog-shortcode.blog-masonry-shortcode-id-eb50a04b86de74da123fa5ff936c8f86 .fancy-date a {\n    top: 10px;\n    right: 10px;\n    left: auto;\n    bottom: auto;\n  }\n  #page .blog-shortcode.blog-masonry-shortcode-id-eb50a04b86de74da123fa5ff936c8f86 .post-entry-content {\n    padding: 20px;\n  }\n  #page .blog-shortcode.blog-masonry-shortcode-id-eb50a04b86de74da123fa5ff936c8f86 .entry-title {\n    margin: 3px 0 5px;\n    font-size: 20px;\n    line-height: 26px;\n    line-height: 25px;\n  }\n  #page .blog-shortcode.blog-masonry-shortcode-id-eb50a04b86de74da123fa5ff936c8f86 .entry-meta {\n    margin: 5px 0 5px;\n  }\n  #page .blog-shortcode.blog-masonry-shortcode-id-eb50a04b86de74da123fa5ff936c8f86 .entry-excerpt {\n    margin: 15px 0 0;\n  }\n  #page .blog-shortcode.blog-masonry-shortcode-id-eb50a04b86de74da123fa5ff936c8f86 .post-details {\n    margin: 5px 0 10px;\n  }\n  #page .blog-shortcode.blog-masonry-shortcode-id-eb50a04b86de74da123fa5ff936c8f86 .post-details.details-type-link {\n    margin-bottom: 2px;\n  }\n}\n.blog-shortcode.blog-masonry-shortcode-id-eb50a04b86de74da123fa5ff936c8f86:not(.resize-by-browser-width) .dt-css-grid {\n  grid-row-gap: 30px;\n  grid-column-gap: 30px;\n  grid-template-columns: repeat(auto-fill,minmax(,1fr));\n}\n.blog-shortcode.blog-masonry-shortcode-id-eb50a04b86de74da123fa5ff936c8f86:not(.resize-by-browser-width) .dt-css-grid .double-width {\n  grid-column: span 2;\n}\n.cssgridlegacy.no-cssgrid .blog-shortcode.blog-masonry-shortcode-id-eb50a04b86de74da123fa5ff936c8f86:not(.resize-by-browser-width) .dt-css-grid,\n.no-cssgridlegacy.no-cssgrid .blog-shortcode.blog-masonry-shortcode-id-eb50a04b86de74da123fa5ff936c8f86:not(.resize-by-browser-width) .dt-css-grid {\n  display: flex;\n  flex-flow: row wrap;\n  margin: -15px;\n}\n.cssgridlegacy.no-cssgrid .blog-shortcode.blog-masonry-shortcode-id-eb50a04b86de74da123fa5ff936c8f86:not(.resize-by-browser-width) .dt-css-grid .wf-cell,\n.no-cssgridlegacy.no-cssgrid .blog-shortcode.blog-masonry-shortcode-id-eb50a04b86de74da123fa5ff936c8f86:not(.resize-by-browser-width) .dt-css-grid .wf-cell {\n  flex: 1 0 ;\n  max-width: 100%;\n  padding: 15px;\n  box-sizing: border-box;\n}\n.blog-shortcode.blog-masonry-shortcode-id-eb50a04b86de74da123fa5ff936c8f86.resize-by-browser-width .dt-css-grid {\n  grid-template-columns: repeat(3,1fr);\n  grid-template-rows: auto;\n  grid-column-gap: 30px;\n  grid-row-gap: 30px;\n}\n.blog-shortcode.blog-masonry-shortcode-id-eb50a04b86de74da123fa5ff936c8f86.resize-by-browser-width .dt-css-grid .double-width {\n  grid-column: span 2;\n}\n.cssgridlegacy.no-cssgrid .blog-shortcode.blog-masonry-shortcode-id-eb50a04b86de74da123fa5ff936c8f86.resize-by-browser-width .dt-css-grid {\n  margin: -15px;\n}\n.cssgridlegacy.no-cssgrid .blog-shortcode.blog-masonry-shortcode-id-eb50a04b86de74da123fa5ff936c8f86.resize-by-browser-width .dt-css-grid .wf-cell {\n  width: 33.333333333333%;\n  padding: 15px;\n}\n.cssgridlegacy.no-cssgrid .blog-shortcode.blog-masonry-shortcode-id-eb50a04b86de74da123fa5ff936c8f86.resize-by-browser-width .dt-css-grid .wf-cell.double-width {\n  width: calc(33.333333333333%) * 2;\n}\n.blog-shortcode.blog-masonry-shortcode-id-eb50a04b86de74da123fa5ff936c8f86.resize-by-browser-width:not(.centered-layout-list):not(.content-bg-on) .dt-css-grid {\n  grid-row-gap: 0px;\n}\n@media screen and (max-width: 1199px) {\n  .blog-shortcode.blog-masonry-shortcode-id-eb50a04b86de74da123fa5ff936c8f86.resize-by-browser-width .dt-css-grid {\n    grid-template-columns: repeat(3,1fr);\n  }\n  .cssgridlegacy.no-cssgrid .blog-shortcode.blog-masonry-shortcode-id-eb50a04b86de74da123fa5ff936c8f86.resize-by-browser-width .dt-css-grid .wf-cell,\n  .no-cssgridlegacy.no-cssgrid .blog-shortcode.blog-masonry-shortcode-id-eb50a04b86de74da123fa5ff936c8f86.resize-by-browser-width .dt-css-grid .wf-cell {\n    width: 33.333333333333%;\n  }\n  .cssgridlegacy.no-cssgrid .blog-shortcode.blog-masonry-shortcode-id-eb50a04b86de74da123fa5ff936c8f86.resize-by-browser-width .dt-css-grid .wf-cell.double-width,\n  .no-cssgridlegacy.no-cssgrid .blog-shortcode.blog-masonry-shortcode-id-eb50a04b86de74da123fa5ff936c8f86.resize-by-browser-width .dt-css-grid .wf-cell.double-width {\n    width: calc(33.333333333333%)*2;\n  }\n}\n@media screen and (max-width: 991px) {\n  .blog-shortcode.blog-masonry-shortcode-id-eb50a04b86de74da123fa5ff936c8f86.resize-by-browser-width .dt-css-grid {\n    grid-template-columns: repeat(2,1fr);\n  }\n  .cssgridlegacy.no-cssgrid .blog-shortcode.blog-masonry-shortcode-id-eb50a04b86de74da123fa5ff936c8f86.resize-by-browser-width .dt-css-grid .wf-cell,\n  .no-cssgridlegacy.no-cssgrid .blog-shortcode.blog-masonry-shortcode-id-eb50a04b86de74da123fa5ff936c8f86.resize-by-browser-width .dt-css-grid .wf-cell {\n    width: 50%;\n  }\n  .cssgridlegacy.no-cssgrid .blog-shortcode.blog-masonry-shortcode-id-eb50a04b86de74da123fa5ff936c8f86.resize-by-browser-width .dt-css-grid .wf-cell.double-width,\n  .no-cssgridlegacy.no-cssgrid .blog-shortcode.blog-masonry-shortcode-id-eb50a04b86de74da123fa5ff936c8f86.resize-by-browser-width .dt-css-grid .wf-cell.double-width {\n    width: calc(50%)*2;\n  }\n}\n@media screen and (max-width: 767px) {\n  .blog-shortcode.blog-masonry-shortcode-id-eb50a04b86de74da123fa5ff936c8f86.resize-by-browser-width .dt-css-grid {\n    grid-template-columns: repeat(1,1fr);\n  }\n  .blog-shortcode.blog-masonry-shortcode-id-eb50a04b86de74da123fa5ff936c8f86.resize-by-browser-width .dt-css-grid .double-width {\n    grid-column: span 1;\n  }\n  .cssgridlegacy.no-cssgrid .blog-shortcode.blog-masonry-shortcode-id-eb50a04b86de74da123fa5ff936c8f86.resize-by-browser-width .dt-css-grid .wf-cell,\n  .no-cssgridlegacy.no-cssgrid .blog-shortcode.blog-masonry-shortcode-id-eb50a04b86de74da123fa5ff936c8f86.resize-by-browser-width .dt-css-grid .wf-cell {\n    width: 100%;\n  }\n  .cssgridlegacy.no-cssgrid .blog-shortcode.blog-masonry-shortcode-id-eb50a04b86de74da123fa5ff936c8f86.resize-by-browser-width .dt-css-grid .wf-cell.double-width,\n  .no-cssgridlegacy.no-cssgrid .blog-shortcode.blog-masonry-shortcode-id-eb50a04b86de74da123fa5ff936c8f86.resize-by-browser-width .dt-css-grid .wf-cell.double-width {\n    width: calc(100%)*2;\n  }\n}\n<\/style><div class=\"blog-shortcode blog-masonry-shortcode-id-eb50a04b86de74da123fa5ff936c8f86 mode-grid classic-layout-list jquery-filter vertical-fancy-style content-align-center scale-img meta-info-off dt-css-grid-wrap enable-bg-rollover dt-icon-bg-off resize-by-browser-width loading-effect-none description-under-image \" data-padding=\"15px\" data-cur-page=\"1\" data-post-limit=\"-1\" data-pagination-mode=\"none\" data-desktop-columns-num=\"3\" data-v-tablet-columns-num=\"2\" data-h-tablet-columns-num=\"3\" data-phone-columns-num=\"1\" data-width=\"0px\" data-columns=\"0\"><div class=\"dt-css-grid\" ><div class=\"visible wf-cell\" data-post-id=\"1629\" data-date=\"2023-01-22T12:19:18-03:00\" data-name=\"PLANEJAMENTO TRIBUT\u00c1RIO\"><article class=\"post project-odd visible post-1629 type-post status-publish format-standard has-post-thumbnail hentry category-sem-categoria category-1 description-off\" data-name=\"PLANEJAMENTO TRIBUT\u00c1RIO\" data-date=\"2023-01-22T12:19:18-03:00\">\n\n<div class=\"post-thumbnail-wrap\">\n\t<div class=\"post-thumbnail\">\n\t\t\n\t\t\n\t\t<a href=\"https:\/\/www.duartecosta.adv.br\/index.php\/2023\/01\/22\/planejamento-tributario\/\" class=\"post-thumbnail-rollover layzr-bg layzr-bg\" ><img class=\"iso-lazy-load preload-me iso-lazy-load\" src=\"data:image\/svg+xml,%3Csvg%20xmlns%3D&#39;http%3A%2F%2Fwww.w3.org%2F2000%2Fsvg&#39;%20viewBox%3D&#39;0%200%20700%20466&#39;%2F%3E\" data-src=\"https:\/\/www.duartecosta.adv.br\/wp-content\/uploads\/2023\/01\/entrepreneur-working-with-bills.jpg\" data-srcset=\"https:\/\/www.duartecosta.adv.br\/wp-content\/uploads\/2023\/01\/entrepreneur-working-with-bills.jpg 700w\" alt=\"\" title=\"Entrepreneur working with bills\" width=\"700\" height=\"466\"  \/><\/a>\t<\/div>\n<\/div>\n\n\n<div class=\"post-entry-content\">\n\n\t<h3 class=\"entry-title\">\n\t\t<a href=\"https:\/\/www.duartecosta.adv.br\/index.php\/2023\/01\/22\/planejamento-tributario\/\" title=\"PLANEJAMENTO TRIBUT\u00c1RIO\" rel=\"bookmark\">PLANEJAMENTO TRIBUT\u00c1RIO<\/a>\n\t<\/h3>\n\n\t\n\t\n\t\n<\/div><\/article><\/div><div class=\"visible wf-cell\" data-post-id=\"1\" data-date=\"2022-12-13T15:20:19-03:00\" data-name=\"Cartilha de Recupera\u00e7\u00e3o de Empresa\"><article class=\"post project-odd visible post-1 type-post status-publish format-standard has-post-thumbnail hentry category-sem-categoria category-1 description-off\" data-name=\"Cartilha de Recupera\u00e7\u00e3o de Empresa\" data-date=\"2022-12-13T15:20:19-03:00\">\n\n<div class=\"post-thumbnail-wrap\">\n\t<div class=\"post-thumbnail\">\n\t\t\n\t\t\n\t\t<a href=\"https:\/\/www.duartecosta.adv.br\/index.php\/2022\/12\/13\/cartilha-de-recuperacao-de-empresa\/\" class=\"post-thumbnail-rollover layzr-bg layzr-bg\" ><img class=\"iso-lazy-load preload-me iso-lazy-load\" src=\"data:image\/svg+xml,%3Csvg%20xmlns%3D&#39;http%3A%2F%2Fwww.w3.org%2F2000%2Fsvg&#39;%20viewBox%3D&#39;0%200%20563%20375&#39;%2F%3E\" data-src=\"https:\/\/www.duartecosta.adv.br\/wp-content\/uploads\/2022\/12\/Captura-de-Tela-2023-01-22-as-11.37.27-563x375.png\" data-srcset=\"https:\/\/www.duartecosta.adv.br\/wp-content\/uploads\/2022\/12\/Captura-de-Tela-2023-01-22-as-11.37.27-563x375.png 563w\" alt=\"\" title=\"Captura de Tela 2023-01-22 a\u0300s 11.37.27\" width=\"563\" height=\"375\"  \/><\/a>\t<\/div>\n<\/div>\n\n\n<div class=\"post-entry-content\">\n\n\t<h3 class=\"entry-title\">\n\t\t<a href=\"https:\/\/www.duartecosta.adv.br\/index.php\/2022\/12\/13\/cartilha-de-recuperacao-de-empresa\/\" title=\"Cartilha de Recupera\u00e7\u00e3o de Empresa\" rel=\"bookmark\">Cartilha de Recupera\u00e7\u00e3o de Empresa<\/a>\n\t<\/h3>\n\n\t\n\t\n\t\n<\/div><\/article><\/div><div class=\"visible wf-cell\" data-post-id=\"1535\" data-date=\"2018-01-30T11:25:39-02:00\" data-name=\"Trabalhador que se recusou a tomar vacina tem justa causa mantida\"><article class=\"post project-odd visible post-1535 type-post status-publish format-standard has-post-thumbnail hentry category-uncategorised category-2 description-off\" data-name=\"Trabalhador que se recusou a tomar vacina tem justa causa mantida\" data-date=\"2018-01-30T11:25:39-02:00\">\n\n<div class=\"post-thumbnail-wrap\">\n\t<div class=\"post-thumbnail\">\n\t\t\n\t\t\n\t\t<a href=\"https:\/\/www.duartecosta.adv.br\/index.php\/2018\/01\/30\/trabalhador-que-se-recusou-a-tomar-vacina-tem-justa-causa-mantida\/\" class=\"post-thumbnail-rollover layzr-bg layzr-bg\" ><img class=\"iso-lazy-load preload-me iso-lazy-load\" src=\"data:image\/svg+xml,%3Csvg%20xmlns%3D&#39;http%3A%2F%2Fwww.w3.org%2F2000%2Fsvg&#39;%20viewBox%3D&#39;0%200%20591%20394&#39;%2F%3E\" data-src=\"https:\/\/www.duartecosta.adv.br\/wp-content\/uploads\/2018\/01\/doctor-getting-ready-vaccine-patient-1-591x394.jpg\" data-srcset=\"https:\/\/www.duartecosta.adv.br\/wp-content\/uploads\/2018\/01\/doctor-getting-ready-vaccine-patient-1-591x394.jpg 591w\" alt=\"\" title=\"doctor-getting-ready-vaccine-patient (1)\" width=\"591\" height=\"394\"  \/><\/a>\t<\/div>\n<\/div>\n\n\n<div class=\"post-entry-content\">\n\n\t<h3 class=\"entry-title\">\n\t\t<a href=\"https:\/\/www.duartecosta.adv.br\/index.php\/2018\/01\/30\/trabalhador-que-se-recusou-a-tomar-vacina-tem-justa-causa-mantida\/\" title=\"Trabalhador que se recusou a tomar vacina tem justa causa mantida\" rel=\"bookmark\">Trabalhador que se recusou a tomar vacina tem justa causa mantida<\/a>\n\t<\/h3>\n\n\t\n\t\n\t\n<\/div><\/article><\/div><div class=\"visible wf-cell\" data-post-id=\"1532\" data-date=\"2018-01-30T11:24:43-02:00\" data-name=\"Banco dever\u00e1 limitar a 30% descontos de empr\u00e9stimos em sal\u00e1rio\"><article class=\"post project-odd visible post-1532 type-post status-publish format-standard has-post-thumbnail hentry category-uncategorised category-2 description-off\" data-name=\"Banco dever\u00e1 limitar a 30% descontos de empr\u00e9stimos em sal\u00e1rio\" data-date=\"2018-01-30T11:24:43-02:00\">\n\n<div class=\"post-thumbnail-wrap\">\n\t<div class=\"post-thumbnail\">\n\t\t\n\t\t\n\t\t<a href=\"https:\/\/www.duartecosta.adv.br\/index.php\/2018\/01\/30\/banco-devera-limitar-a-30-descontos-de-emprestimos-em-salario\/\" class=\"post-thumbnail-rollover layzr-bg layzr-bg\" ><img class=\"iso-lazy-load preload-me iso-lazy-load\" src=\"data:image\/svg+xml,%3Csvg%20xmlns%3D&#39;http%3A%2F%2Fwww.w3.org%2F2000%2Fsvg&#39;%20viewBox%3D&#39;0%200%20700%20466&#39;%2F%3E\" data-src=\"https:\/\/www.duartecosta.adv.br\/wp-content\/uploads\/2018\/01\/business-man-financial-inspector-secretary-making-report-calculating-checking-balance-internal-revenue-service-inspector-checking-document-audit-concept.jpg\" data-srcset=\"https:\/\/www.duartecosta.adv.br\/wp-content\/uploads\/2018\/01\/business-man-financial-inspector-secretary-making-report-calculating-checking-balance-internal-revenue-service-inspector-checking-document-audit-concept.jpg 700w\" alt=\"\" title=\"business man financial inspector and secretary making report, ca\" width=\"700\" height=\"466\"  \/><\/a>\t<\/div>\n<\/div>\n\n\n<div class=\"post-entry-content\">\n\n\t<h3 class=\"entry-title\">\n\t\t<a href=\"https:\/\/www.duartecosta.adv.br\/index.php\/2018\/01\/30\/banco-devera-limitar-a-30-descontos-de-emprestimos-em-salario\/\" title=\"Banco dever\u00e1 limitar a 30% descontos de empr\u00e9stimos em sal\u00e1rio\" rel=\"bookmark\">Banco dever\u00e1 limitar a 30% descontos de empr\u00e9stimos em sal\u00e1rio<\/a>\n\t<\/h3>\n\n\t\n\t\n\t\n<\/div><\/article><\/div><\/div><!-- iso-container|iso-grid --><\/div>[\/vc_column][\/vc_row]<\/p>\n<\/section>","protected":false},"excerpt":{"rendered":"<p>[vc_row][vc_column][vc_empty_space][\/vc_column][\/vc_row]<\/p>\n","protected":false},"author":1,"featured_media":0,"parent":0,"menu_order":0,"comment_status":"closed","ping_status":"closed","template":"","meta":[],"_links":{"self":[{"href":"https:\/\/www.duartecosta.adv.br\/index.php\/wp-json\/wp\/v2\/pages\/1613"}],"collection":[{"href":"https:\/\/www.duartecosta.adv.br\/index.php\/wp-json\/wp\/v2\/pages"}],"about":[{"href":"https:\/\/www.duartecosta.adv.br\/index.php\/wp-json\/wp\/v2\/types\/page"}],"author":[{"embeddable":true,"href":"https:\/\/www.duartecosta.adv.br\/index.php\/wp-json\/wp\/v2\/users\/1"}],"replies":[{"embeddable":true,"href":"https:\/\/www.duartecosta.adv.br\/index.php\/wp-json\/wp\/v2\/comments?post=1613"}],"version-history":[{"count":3,"href":"https:\/\/www.duartecosta.adv.br\/index.php\/wp-json\/wp\/v2\/pages\/1613\/revisions"}],"predecessor-version":[{"id":1617,"href":"https:\/\/www.duartecosta.adv.br\/index.php\/wp-json\/wp\/v2\/pages\/1613\/revisions\/1617"}],"wp:attachment":[{"href":"https:\/\/www.duartecosta.adv.br\/index.php\/wp-json\/wp\/v2\/media?parent=1613"}],"curies":[{"name":"wp","href":"https:\/\/api.w.org\/{rel}","templated":true}]}}